

{"id":420,"date":"2019-02-04T11:33:13","date_gmt":"2019-02-04T10:33:13","guid":{"rendered":"https:\/\/www.zauberdergewuerze.de\/magazin\/?page_id=420"},"modified":"2020-03-20T08:10:21","modified_gmt":"2020-03-20T07:10:21","slug":"laenderkueche","status":"publish","type":"page","link":"https:\/\/www.zauberdergewuerze.de\/magazin\/laenderkueche","title":{"rendered":"L\u00e4nderk\u00fcche"},"content":{"rendered":"[vc_row][vc_column][mk_padding_divider size=&#8220;0&#8243;][vc_column_text css=&#8220;.vc_custom_1555316170989{margin-bottom: 0px !important;}&#8220;]\n<h1 style=\"text-align: center;\">L\u00e4nderk\u00fcche<\/h1>\n<p style=\"text-align: center;\">Raffinierte Jambalaya aus der Cajun K\u00fcche der amerikanischen S\u00fcdstaaten oder w\u00fcrzige Lammtajine aus dem Orient \u2013 jedes Land hat ihre ganz eignen Spezialit\u00e4ten und Gew\u00fcrzkompositionen, die ihre landestypischen Gerichte zu etwas ganz Besonderem machen. Hier gibt es tolle Rezepte aus der internationalen K\u00fcche zu entdecken:<\/p>\n[\/vc_column_text][mk_padding_divider size=&#8220;20&#8243;][mk_blog style=&#8220;newspaper&#8220; post_count=&#8220;9&#8243; pagination=&#8220;false&#8220; cat=&#8220;7&#8243;][mk_button dimension=&#8220;two&#8220; corner_style=&#8220;rounded&#8220; size=&#8220;medium&#8220; url=&#8220;https:\/\/www.zauberdergewuerze.de\/magazin\/rezepte&#8220; align=&#8220;center&#8220; margin_top=&#8220;30&#8243; margin_bottom=&#8220;&#8220; margin_right=&#8220;&#8220;]Alle Rezepte ansehen[\/mk_button][\/vc_column][\/vc_row][vc_row][vc_column][mk_padding_divider][mk_fancy_title line_height=&#8220;50&#8243; font_family=&#8220;none&#8220;]\n<h2 style=\"text-align: center;\"><span style=\"font-family: NoyhABistro; font-size: 36px;\">Alle L\u00e4nderk\u00fcchen im \u00dcberblick<\/span><\/h2>\n[\/mk_fancy_title][mk_custom_list style=&#8220;mk-icon-chevron-right&#8220; el_class=&#8220;mk-single-content&#8220;]\n<ul>\n<li><a href=\"https:\/\/www.zauberdergewuerze.de\/magazin\/laenderkueche\/amerikanische-kueche\">Amerikanische K\u00fcche<\/a><\/li>\n<li><a href=\"https:\/\/www.zauberdergewuerze.de\/magazin\/laenderkueche\/chinesische-kueche\">Chinesische K\u00fcche<\/a><\/li>\n<li><a href=\"https:\/\/www.zauberdergewuerze.de\/magazin\/laenderkueche\/deutsche-kueche\">Deutsche K\u00fcche<\/a><\/li>\n<li><a href=\"https:\/\/www.zauberdergewuerze.de\/magazin\/laenderkueche\/franzoesische-kueche\">Franz\u00f6sische K\u00fcche<\/a><\/li>\n<li><a href=\"https:\/\/www.zauberdergewuerze.de\/magazin\/laenderkueche\/italienische-kueche\">Italienische K\u00fcche<\/a><\/li>\n<li><a href=\"https:\/\/www.zauberdergewuerze.de\/magazin\/laenderkueche\/orientalische-kueche\">Orientalische K\u00fcche<\/a><\/li>\n<li><a href=\"https:\/\/www.zauberdergewuerze.de\/magazin\/laenderkueche\/spanische-kueche\">Spanische K\u00fcche<\/a><\/li>\n<li><a href=\"https:\/\/www.zauberdergewuerze.de\/magazin\/laenderkueche\/levante-kueche\">Levante K\u00fcche<\/a><\/li>\n<\/ul>\n[\/mk_custom_list][\/vc_column][\/vc_row]\n","protected":false},"excerpt":{"rendered":"<p>[vc_row][vc_column][mk_padding_divider size=&#8220;0&#8243;][vc_column_text css=&#8220;.vc_custom_1555316170989{margin-bottom: 0px !important;}&#8220;] L\u00e4nderk\u00fcche Raffinierte Jambalaya aus der Cajun K\u00fcche der amerikanischen S\u00fcdstaaten oder w\u00fcrzige Lammtajine aus dem Orient \u2013 jedes Land hat ihre ganz eignen Spezialit\u00e4ten und Gew\u00fcrzkompositionen, die ihre landestypischen Gerichte zu etwas ganz Besonderem machen. Hier gibt es tolle Rezepte aus der internationalen K\u00fcche zu entdecken: [\/vc_column_text][mk_padding_divider size=&#8220;20&#8243;][mk_blog style=&#8220;newspaper&#8220; post_count=&#8220;9&#8243; [&hellip;]<\/p>\n","protected":false},"author":6,"featured_media":0,"parent":0,"menu_order":0,"comment_status":"closed","ping_status":"closed","template":"","meta":[],"_links":{"self":[{"href":"https:\/\/www.zauberdergewuerze.de\/magazin\/wp-json\/wp\/v2\/pages\/420"}],"collection":[{"href":"https:\/\/www.zauberdergewuerze.de\/magazin\/wp-json\/wp\/v2\/pages"}],"about":[{"href":"https:\/\/www.zauberdergewuerze.de\/magazin\/wp-json\/wp\/v2\/types\/page"}],"author":[{"embeddable":true,"href":"https:\/\/www.zauberdergewuerze.de\/magazin\/wp-json\/wp\/v2\/users\/6"}],"replies":[{"embeddable":true,"href":"https:\/\/www.zauberdergewuerze.de\/magazin\/wp-json\/wp\/v2\/comments?post=420"}],"version-history":[{"count":25,"href":"https:\/\/www.zauberdergewuerze.de\/magazin\/wp-json\/wp\/v2\/pages\/420\/revisions"}],"predecessor-version":[{"id":2420,"href":"https:\/\/www.zauberdergewuerze.de\/magazin\/wp-json\/wp\/v2\/pages\/420\/revisions\/2420"}],"wp:attachment":[{"href":"https:\/\/www.zauberdergewuerze.de\/magazin\/wp-json\/wp\/v2\/media?parent=420"}],"curies":[{"name":"wp","href":"https:\/\/api.w.org\/{rel}","templated":true}]}}