

{"id":521,"date":"2019-02-19T10:50:35","date_gmt":"2019-02-19T09:50:35","guid":{"rendered":"https:\/\/www.zauberdergewuerze.de\/magazin\/?page_id=521"},"modified":"2025-11-19T09:44:43","modified_gmt":"2025-11-19T08:44:43","slug":"spanische-kueche","status":"publish","type":"page","link":"https:\/\/www.zauberdergewuerze.de\/magazin\/laenderkueche\/spanische-kueche","title":{"rendered":"Spanische K\u00fcche"},"content":{"rendered":"[vc_row][vc_column][vc_column_text el_class=&#8220;mk-single-content&#8220; css=&#8220;.vc_custom_1563446615053{margin-bottom: 0px !important;}&#8220;]\n<h1 style=\"text-align: center;\">Spanische K\u00fcche<\/h1>\n<p style=\"text-align: center;\"><a href=\"#was-ist-spanische-kueche\">Was ist die spanische K\u00fcche?<\/a> | <a href=\"#spanische-rezepte\">spanische Rezepte<\/a> | <a href=\"#spanische-spezialitaeten\">spanische Spezialit\u00e4ten<\/a> | <a href=\"#spanische-gewuerze\">spanische Gew\u00fcrze<\/a><\/p>\n<p style=\"text-align: center;\">Die spanische K\u00fcche spr\u00fcht vor Leidenschaft und Lebensfreude! Besonders beliebt und bekannt sind die Tapas: kleine K\u00f6stlichkeiten wie Patatas Bravas, Datteln im Speckmantel, Tortilla oder Mandelkuchen, die an langen Sommerabenden zum geselligen Abendessen gereicht werden. Aber das ist noch lange nicht alles! Jede Region des Landes hat seine ganz eigenen Spezialit\u00e4ten und K\u00f6stlichkeiten wie zum Beispiel Paella, Chorizo, Manchego oder Crema Catalana, die es zu entdecken lohnt!<\/p>\n<p><a id=\"was-ist-spanische-kueche\" name=\"was-ist-spanische-kueche\"><\/a><\/p>\n<h2 style=\"text-align: center;\"><span style=\"font-size: 26px;\">Was ist die spanische K\u00fcche?<\/span><\/h2>\n<p style=\"text-align: center;\">In Spanien liebt man gutes Essen und Geselligkeit. Vor allem am Abend kommen alle bei Tapas und Wein zusammen. In Spanien liebt man das Abendessen (\u201ecena\u201c) n\u00e4mlich sehr sp\u00e4t: Tapas &amp; Co werden erst gegen 21 Uhr gereicht. Das Mittagessen (\u201ecomida\u201c) am sp\u00e4ten Nachmittag besteht meist aus warmen Speisen wie Eint\u00f6pfe, Fleisch- oder Fischgerichte. Dazu gibt es als Aperitif Tapas wie zum Beispiel Oliven, Chorizo, Manchego und Brot und als Dessert Obst oder s\u00fc\u00dfe Cremes und Pudding wie die Crema Catalana. Das Fr\u00fchst\u00fcck f\u00e4llt im Gegensatz zu Mittag- und Abendessen eher \u00fcberschaubar aus. Hier reichen ein Kaffee und ein St\u00fcck s\u00fc\u00dfes Geb\u00e4ck.<\/p>\n[\/vc_column_text][mk_padding_divider size=&#8220;20&#8243;][mk_blog style=&#8220;newspaper&#8220; column=&#8220;1&#8243; posts=&#8220;951&#8243;][\/vc_column][\/vc_row][vc_row][vc_column][mk_padding_divider size=&#8220;0&#8243;][vc_column_text el_class=&#8220;mk-single-content&#8220; css=&#8220;.vc_custom_1563446753284{margin-bottom: 0px !important;}&#8220;]<a id=\"spanische-rezepte\" name=\"spanische-rezepte\"><\/a><\/p>\n<h2 style=\"text-align: center;\"><span style=\"font-size: 26px;\">Spanische Rezepte<\/span><\/h2>\n<p style=\"text-align: center;\">Die spanische K\u00fcche hat ihren Ursprung in der einfachen Bauernk\u00fcche. F\u00fcr die Zubereitung der Speisen wird also einfach das verwendet, was Land und Meer bereit halten. So serviert man an der K\u00fcste Fisch und Meeresfr\u00fcchte und im Landesinneren regionale Fleisch- und K\u00e4sespezialit\u00e4ten und frisches, sonnengereiftes Gem\u00fcse.<\/p>\n[\/vc_column_text][mk_padding_divider size=&#8220;20&#8243;][mk_blog style=&#8220;newspaper&#8220; post_count=&#8220;9&#8243; pagination_style=&#8220;2&#8243; cat=&#8220;46&#8243;][\/vc_column][\/vc_row][vc_row][vc_column][mk_padding_divider][vc_column_text el_class=&#8220;mk-single-content&#8220; css=&#8220;.vc_custom_1563451346682{margin-bottom: 0px !important;}&#8220;]<a id=\"spanische-spezialitaeten\" name=\"spanische-spezialitaeten\"><\/a><\/p>\n<h2 style=\"text-align: center;\"><span style=\"font-size: 26px;\">Spanische Spezialit\u00e4ten<\/span><\/h2>\n<p style=\"text-align: center;\">Die regionalen K\u00fcchen Spaniens bieten eine gro\u00dfe Vielfalt an Spezialit\u00e4ten. So unterscheidet man u.a. in die Andalusische, Baskische, Galizische, Kanarische, Kastilische, Katalanische, Mallorquinische und Valencianische K\u00fcche. So liebt man zum Beispiel in Andalusien die Gazpacho, eine kalte Gem\u00fcsesuppe, in Valencia die Paella Valenciana und Katalonien die Crema Catalana, einen s\u00fc\u00dfen Milchpudding mit Karamellschicht.<\/p>\n<p style=\"text-align: center;\"><strong>Gazpacho Andaluz<\/strong><\/p>\n<p style=\"text-align: center;\">Die Gazpacho ist eine kalte Gem\u00fcsesuppe, die aus rohem Gem\u00fcse wie zum Beispiel Tomaten, Gurken, Paprika und Knoblauch zubereitet wird. Das rohe Gem\u00fcse wird klein geschnitten, mit etwas Oliven\u00f6l p\u00fcriert und mit Salz, Pfeffer und etwas Chili abgeschmeckt. Als Topping schmecken Croutons oder kleine Tomatenw\u00fcrfel. Kalt serviert ist die Gazpacho die perfekte Erfrischung an hei\u00dfen Tagen.<\/p>\n<p style=\"text-align: center;\"><strong>Paella <\/strong><\/p>\n<p style=\"text-align: center;\">Die Paella ist das Traditionsgericht in Spanien. Das beliebte Reisgericht wird in einer gro\u00dfen Pfanne traditionell \u00fcber dem offenen Feuer zubereitet. Hauptzutat ist der spezielle Paella-Reis, der sogenannte \u201earroz bomba\u201c. Dazu kommen H\u00fchnchen oder Kaninchen und Gem\u00fcse. An der K\u00fcste kommen vor allem auch Meeresfr\u00fcchte und Fisch in die Paella. Safran sorgt f\u00fcr die sch\u00f6ne gelbe Farbe des Reis.<\/p>\n<p style=\"text-align: center;\"><strong>Crema Catalana<\/strong><\/p>\n<p style=\"text-align: center;\">Die Crema Catalana \u00e4hnelt der franz\u00f6sischen Cr\u00e8me br\u00fbl\u00e9e. Im Gegensatz zum franz\u00f6sischen Dessert wird die Crema Catalana mit Milch anstatt Sahne zubereitet. Diese wird mit reichlich Eigelb, St\u00e4rke, Zucker, Zimt und Orangenabrieb verr\u00fchrt, aufgekocht und in Tonschalen gef\u00fcllt. Zuletzt wird Zucker auf die Oberfl\u00e4che gestreut und mit einem Handgasbrenner karamellisiert.<\/p>\n[\/vc_column_text][\/vc_column][\/vc_row][vc_row][vc_column][vc_column_text el_class=&#8220;mk-single-content&#8220; css=&#8220;.vc_custom_1563446904423{margin-bottom: 0px !important;}&#8220;]<a id=\"spanische-gewuerze\" name=\"spanische-gewuerze\"><\/a><\/p>\n<h2 style=\"text-align: center;\"><span style=\"font-size: 26px;\">Spanische Gew\u00fcrze<\/span><\/h2>\n<p style=\"text-align: center;\">Aromatische Gew\u00fcrze wie Safran und ger\u00e4uchertes Paprikapulver geben spanischen Klassikern wie Paella den originalen Geschmack. Entdecken Sie hier unsere k\u00f6stlichen, spanischen Gew\u00fcrzspezialit\u00e4ten wie Piment\u00f3n de la vera und viele mehr:<\/p>\n[\/vc_column_text][mk_custom_list style=&#8220;mk-icon-chevron-right&#8220; el_class=&#8220;mk-single-content&#8220;]\n<ul>\n<li><a href=\"https:\/\/www.zauberdergewuerze.de\/safran-faeden\" target=\"shop\" rel=\"noopener\">Safran<\/a><\/li>\n<li><a href=\"https:\/\/www.zauberdergewuerze.de\/geraeuchertes-paprikapulver-mild\" target=\"shop\" rel=\"noopener\">Ger\u00e4uchertes Paprikapulver mild<\/a><\/li>\n<li><a href=\"https:\/\/www.zauberdergewuerze.de\/geraeuchertes-paprikapulver-scharf\" target=\"shop\" rel=\"noopener\">Ger\u00e4uchertes Paprikapulver scharf<\/a><\/li>\n<li><a href=\"https:\/\/www.zauberdergewuerze.de\/salsa-gewuerz\" target=\"shop\" rel=\"noopener\">Salsa Gew\u00fcrz<\/a><\/li>\n<li><a href=\"https:\/\/www.zauberdergewuerze.de\/paella-gewuerz\" target=\"shop\" rel=\"noopener\">Paella Gew\u00fcrz<\/a><\/li>\n<li><a href=\"https:\/\/www.zauberdergewuerze.de\/patatas-bravas-gewuerz\" target=\"shop\" rel=\"noopener\">Patatas Bravas Gew\u00fcrz<\/a><\/li>\n<li><a href=\"https:\/\/www.zauberdergewuerze.de\/oliven-gewuerz\" target=\"shop\" rel=\"noopener\">Oliven Gew\u00fcrz<\/a><\/li>\n<li><a href=\"https:\/\/www.zauberdergewuerze.de\/garnelen-scampi-gewuerz\" target=\"shop\" rel=\"noopener\">Garnelen &amp; Scampi Gew\u00fcrz<\/a><\/li>\n<\/ul>\n[\/mk_custom_list][\/vc_column][\/vc_row]\n","protected":false},"excerpt":{"rendered":"<p>[vc_row][vc_column][vc_column_text el_class=&#8220;mk-single-content&#8220; css=&#8220;.vc_custom_1563446615053{margin-bottom: 0px !important;}&#8220;] Spanische K\u00fcche Was ist die spanische K\u00fcche? | spanische Rezepte | spanische Spezialit\u00e4ten | spanische Gew\u00fcrze Die spanische K\u00fcche spr\u00fcht vor Leidenschaft und Lebensfreude! Besonders beliebt und bekannt sind die Tapas: kleine K\u00f6stlichkeiten wie Patatas Bravas, Datteln im Speckmantel, Tortilla oder Mandelkuchen, die an langen Sommerabenden zum geselligen Abendessen gereicht [&hellip;]<\/p>\n","protected":false},"author":6,"featured_media":0,"parent":420,"menu_order":0,"comment_status":"closed","ping_status":"closed","template":"","meta":[],"_links":{"self":[{"href":"https:\/\/www.zauberdergewuerze.de\/magazin\/wp-json\/wp\/v2\/pages\/521"}],"collection":[{"href":"https:\/\/www.zauberdergewuerze.de\/magazin\/wp-json\/wp\/v2\/pages"}],"about":[{"href":"https:\/\/www.zauberdergewuerze.de\/magazin\/wp-json\/wp\/v2\/types\/page"}],"author":[{"embeddable":true,"href":"https:\/\/www.zauberdergewuerze.de\/magazin\/wp-json\/wp\/v2\/users\/6"}],"replies":[{"embeddable":true,"href":"https:\/\/www.zauberdergewuerze.de\/magazin\/wp-json\/wp\/v2\/comments?post=521"}],"version-history":[{"count":16,"href":"https:\/\/www.zauberdergewuerze.de\/magazin\/wp-json\/wp\/v2\/pages\/521\/revisions"}],"predecessor-version":[{"id":7099,"href":"https:\/\/www.zauberdergewuerze.de\/magazin\/wp-json\/wp\/v2\/pages\/521\/revisions\/7099"}],"up":[{"embeddable":true,"href":"https:\/\/www.zauberdergewuerze.de\/magazin\/wp-json\/wp\/v2\/pages\/420"}],"wp:attachment":[{"href":"https:\/\/www.zauberdergewuerze.de\/magazin\/wp-json\/wp\/v2\/media?parent=521"}],"curies":[{"name":"wp","href":"https:\/\/api.w.org\/{rel}","templated":true}]}}