

{"id":525,"date":"2019-02-19T10:54:33","date_gmt":"2019-02-19T09:54:33","guid":{"rendered":"https:\/\/www.zauberdergewuerze.de\/magazin\/?page_id=525"},"modified":"2025-11-19T10:21:08","modified_gmt":"2025-11-19T09:21:08","slug":"chinesische-kueche","status":"publish","type":"page","link":"https:\/\/www.zauberdergewuerze.de\/magazin\/laenderkueche\/chinesische-kueche","title":{"rendered":"Chinesische K\u00fcche"},"content":{"rendered":"[vc_row][vc_column][vc_column_text el_class=&#8220;mk-single-content&#8220; css=&#8220;.vc_custom_1555324000397{margin-bottom: 0px !important;}&#8220;]\n<h1 style=\"text-align: center;\">Chinesische K\u00fcche<\/h1>\n<p style=\"text-align: center;\"><a href=\"#was-ist-chinesische-kueche\">Was ist chinesische K\u00fcche?<\/a> | <a href=\"#chinesische-rezepte\">chinesische Rezepte<\/a> | <a href=\"#chinesische-spezialitaeten\">chinesische Spezialit\u00e4ten<\/a> | <a href=\"#chinesische-gewuerze\">chinesische Gew\u00fcrze<\/a><\/p>\n<p style=\"text-align: center;\">Pekingente, Dim Sum und s\u00fc\u00df-saure Spezialit\u00e4ten aus dem Wok \u2013 China hat in Sachen Kulinarik eine Menge zu bieten. Bestechend sind vor allem die aromatischen Gew\u00fcrze und W\u00fcrzso\u00dfen, die den chinesischen Klassikern ihren typischen Geschmack verleihen.<\/p>\n<p><a id=\"was-ist-chinesische-kueche\" name=\"was-ist-chinesische-kueche\"><\/a><\/p>\n<h2 style=\"text-align: center;\"><span style=\"font-size: 26px;\">Was ist chinesische K\u00fcche?<\/span><\/h2>\n<p style=\"text-align: center;\">Die K\u00fcche Chinas ist enorm vielf\u00e4ltig. Chinas Provinzen pflegen ihre eigenen Regionalk\u00fcchen mit oft sehr unterschiedlichen Gerichten, Zutaten, Gew\u00fcrzen und Zubereitungsmethoden. Man unterscheidet grob in die vier Hauptk\u00fcchen: Peking-, Shanghai-, Kanton- und Sichuan-K\u00fcche. Wegen der geografischen Lage werden sie auch als n\u00f6rdliche, \u00f6stliche, s\u00fcdliche und westliche chinesische K\u00fcche bezeichnet. Ebenso wichtig wie das Essen, sind in China die Tischsitten. So unterscheiden sich Speisenfolge, Besteck, Geschirr und das Verhalten zu Tisch stark von der Esskultur der westlichen Welt. So werden viele unterschiedliche Speisen gleichzeitig serviert. Dabei besteht eine chinesische Mahlzeit aus Reis, Teigwaren und einigen Fleisch- und Gem\u00fcsebeilagen. Das Essen wird an gro\u00dfen runden Tischen eingenommen. Schmatzen, R\u00fclpsen und Schl\u00fcrfen ist erlaubt und gern gesehen als Zeichen, dass es allen gut schmeckt. Statt mit Messer und Gabel, wird mit St\u00e4bchen gegessen. Es wird viel Wert auf sch\u00f6nes Porzellan-Geschirr gelegt. Zum Essen wird in der Regel Reiswein gereicht, nach dem Essen wird Tee \u2013 vor allem Gr\u00fcn- und Jasmintee \u2013 serviert.<\/p>\n[\/vc_column_text][mk_padding_divider size=&#8220;20&#8243;][mk_blog style=&#8220;newspaper&#8220; column=&#8220;1&#8243; posts=&#8220;785&#8243;][\/vc_column][\/vc_row][vc_row][vc_column][vc_column_text el_class=&#8220;mk-single-content&#8220; css=&#8220;.vc_custom_1555323753166{margin-bottom: 0px !important;}&#8220;]<a id=\"chinesische-rezepte\" name=\"chinesische-rezepte\"><\/a><\/p>\n<h2 style=\"text-align: center;\"><span style=\"font-size: 26px;\">Chinesische Rezepte<\/span><\/h2>\n<p style=\"text-align: center;\">Reis ist das Grundnahrungsmittel der Chinesen und die wichtigste Beilage der meisten Rezepte. In der Regel wird Langkornreis verwendet. Daneben liebt man Reisnudeln oder auch Glasnudeln aus Mungobohnen. Die beliebtesten Fleischsorten sind Huhn, Schwein, Rind und Lamm, aber auch Tofu wird als vegetarische Alternative im ganzen Land gesch\u00e4tzt. An den K\u00fcsten kommen vor allem auch Fisch und Meeresfr\u00fcchte auf den Teller. Beliebte Gem\u00fcsesorten sind u.a. Auberginen, Kohl (z.B. Pak Choi), Fr\u00fchlingszwiebeln und Sprossen (z.B. Bambus-, Soja- und Mungobohnensprossen).<\/p>\n[\/vc_column_text][mk_padding_divider size=&#8220;0&#8243;][mk_blog style=&#8220;newspaper&#8220; post_count=&#8220;9&#8243; pagination_style=&#8220;2&#8243; cat=&#8220;48&#8243;][\/vc_column][\/vc_row][vc_row][vc_column][vc_column_text el_class=&#8220;mk-single-content&#8220; css=&#8220;.vc_custom_1555323854081{margin-bottom: 0px !important;}&#8220;]<a id=\"chinesische-spezialitaeten\" name=\"chinesische-spezialitaeten\"><\/a><\/p>\n<h2 style=\"text-align: center;\"><span style=\"font-size: 26px;\">Chinesische Spezialit\u00e4ten<\/span><\/h2>\n<p style=\"text-align: center;\">Pekingente, Fr\u00fchlingsrolle, Dumplings &amp; Co sind die Klassiker in der chinesischen K\u00fcche. Wir haben f\u00fcr euch einige leckere Beispiele zusammengestellt, die Lust auf die Spezialit\u00e4ten Chinas machen.<\/p>\n<p style=\"text-align: center;\"><strong>Klassiker aus dem Wok<\/strong><\/p>\n<p style=\"text-align: center;\">Der Wok ist das wichtigste Kochutensil in der chinesischen K\u00fcche. Beim sogenannten \u201ePfannenr\u00fchren\u201c werden darin Gem\u00fcse, Fleisch, Fisch &amp; Co n\u00e4hrstoffschonend gegart. Au\u00dferdem kann man mit dem Wok hervorragend Frittieren, D\u00fcnsten, D\u00e4mpfen und Blanchieren. Einer der ber\u00fchmtesten Klassiker aus dem Wok ist u.a das \u201eSchweinefleisch s\u00fc\u00df-sauer\u201c.<\/p>\n<p style=\"text-align: center;\"><strong>Pekingente<\/strong><\/p>\n<p style=\"text-align: center;\">Die Zubereitung des beliebten chinesischen Klassikers ist sehr aufwendig. Die Ente wird nach traditioneller Methode vorbereitet, gew\u00fcrzt und in einem Spezialofen gegart, so dass die Haut besonders knusprig wird. Die fertige Pekingente wird mit Fr\u00fchlingszwiebeln, Gurkenscheiben und Hoisin-Sauce serviert.<br \/>\n<strong><br \/>\nDim Sum<\/strong><\/p>\n<p style=\"text-align: center;\">Dim Sum hei\u00dft frei \u00fcbersetzt \u201eLeckereien, die das Herz ber\u00fchren\u201c. Das sind ged\u00e4mpfte oder frittierte Teigtaschen wie zum Beispiel Fr\u00fchlingsrollen oder Dumplings, die mit Sojaso\u00dfe serviert werden. Ged\u00e4mpfte Dim Sum werden in den traditionellen Bambus-D\u00e4mpfk\u00f6rbchen gegart und serviert.<\/p>\n<p style=\"text-align: center;\"><strong>Dumplings<\/strong><\/p>\n<p style=\"text-align: center;\">Dumplings sind kleine Teigtaschen, die mit Fleisch, Fisch oder Gem\u00fcse gef\u00fcllt werden. Sie sind in der Regel zu kleinen, dreieckigen oder halbrunden Taschen geformt. Der Teig wird aus Mehl und Wasser zubereitet, kann aber auch als Fertigteig im Asialaden gekauft werden. Die Dumplings werden ged\u00e4mpft, gekocht, gebraten oder ged\u00e4mpft und als Dim Sum (verschiedene kleine Speisen) gereicht.<\/p>\n<p style=\"text-align: center;\"><strong>\u00a0<\/strong><\/p>\n<p>&nbsp;<\/p>\n<p><strong>\u00a0<\/strong><\/p>\n[\/vc_column_text][\/vc_column][\/vc_row][vc_row][vc_column][vc_column_text el_class=&#8220;mk-single-content&#8220; css=&#8220;.vc_custom_1555323891323{margin-bottom: 0px !important;}&#8220;]<a id=\"chinesische-gewuerze\" name=\"chinesische-gewuerze\"><\/a><\/p>\n<h2 style=\"text-align: center;\"><span style=\"font-size: 26px;\">Chinesische Gew\u00fcrze<\/span><\/h2>\n<p style=\"text-align: center;\">Die chinesische K\u00fcche besticht durch ihre aromatischen und intensiven Gew\u00fcrze und W\u00fcrzsaucen. Wichtige Gew\u00fcrze sind u.a das F\u00fcnf-Gew\u00fcrze-Pulver, Szechuanpfeffer, Sternanis und Ingwer. Die W\u00fcrzso\u00dfen Sojaso\u00dfe, Austernso\u00dfe und Reisessig geh\u00f6ren zur Standardausstattung in chinesischen K\u00fcchen.<\/p>\n[\/vc_column_text][mk_custom_list style=&#8220;mk-icon-chevron-right&#8220; el_class=&#8220;mk-single-content&#8220;]\n<ul>\n<li><a href=\"https:\/\/www.zauberdergewuerze.de\/wok-gewuerz\" target=\"shop\" rel=\"noopener\">Wok Gew\u00fcrzmischung<\/a><\/li>\n<li><a href=\"https:\/\/www.zauberdergewuerze.de\/fuenf-gewuerze-pulver\" target=\"shop\" rel=\"noopener\">F\u00fcnf-Gew\u00fcrze-Pulver<\/a><\/li>\n<li><a href=\"https:\/\/www.zauberdergewuerze.de\/ingwer-gemahlen\" target=\"shop\" rel=\"noopener\">Ingwer<\/a><\/li>\n<li><a href=\"https:\/\/www.zauberdergewuerze.de\/szechuan-pfeffer-gemahlen\" target=\"shop\" rel=\"noopener\">Szechuan Pfeffer<\/a><\/li>\n<\/ul>\n[\/mk_custom_list][\/vc_column][\/vc_row]\n","protected":false},"excerpt":{"rendered":"<p>[vc_row][vc_column][vc_column_text el_class=&#8220;mk-single-content&#8220; css=&#8220;.vc_custom_1555324000397{margin-bottom: 0px !important;}&#8220;] Chinesische K\u00fcche Was ist chinesische K\u00fcche? | chinesische Rezepte | chinesische Spezialit\u00e4ten | chinesische Gew\u00fcrze Pekingente, Dim Sum und s\u00fc\u00df-saure Spezialit\u00e4ten aus dem Wok \u2013 China hat in Sachen Kulinarik eine Menge zu bieten. Bestechend sind vor allem die aromatischen Gew\u00fcrze und W\u00fcrzso\u00dfen, die den chinesischen Klassikern ihren typischen Geschmack [&hellip;]<\/p>\n","protected":false},"author":6,"featured_media":0,"parent":420,"menu_order":0,"comment_status":"closed","ping_status":"closed","template":"","meta":[],"_links":{"self":[{"href":"https:\/\/www.zauberdergewuerze.de\/magazin\/wp-json\/wp\/v2\/pages\/525"}],"collection":[{"href":"https:\/\/www.zauberdergewuerze.de\/magazin\/wp-json\/wp\/v2\/pages"}],"about":[{"href":"https:\/\/www.zauberdergewuerze.de\/magazin\/wp-json\/wp\/v2\/types\/page"}],"author":[{"embeddable":true,"href":"https:\/\/www.zauberdergewuerze.de\/magazin\/wp-json\/wp\/v2\/users\/6"}],"replies":[{"embeddable":true,"href":"https:\/\/www.zauberdergewuerze.de\/magazin\/wp-json\/wp\/v2\/comments?post=525"}],"version-history":[{"count":18,"href":"https:\/\/www.zauberdergewuerze.de\/magazin\/wp-json\/wp\/v2\/pages\/525\/revisions"}],"predecessor-version":[{"id":7106,"href":"https:\/\/www.zauberdergewuerze.de\/magazin\/wp-json\/wp\/v2\/pages\/525\/revisions\/7106"}],"up":[{"embeddable":true,"href":"https:\/\/www.zauberdergewuerze.de\/magazin\/wp-json\/wp\/v2\/pages\/420"}],"wp:attachment":[{"href":"https:\/\/www.zauberdergewuerze.de\/magazin\/wp-json\/wp\/v2\/media?parent=525"}],"curies":[{"name":"wp","href":"https:\/\/api.w.org\/{rel}","templated":true}]}}